{"id":168,"date":"2023-10-18T23:10:02","date_gmt":"2023-10-18T21:10:02","guid":{"rendered":"http:\/\/and-bc.com\/?page_id=168"},"modified":"2023-10-18T23:11:26","modified_gmt":"2023-10-18T21:11:26","slug":"nutzungsbedingungen","status":"publish","type":"page","link":"https:\/\/and-bc.com\/?page_id=168","title":{"rendered":"Nutzungsbedingungen"},"content":{"rendered":"\t\t<div data-elementor-type=\"wp-page\" data-elementor-id=\"168\" class=\"elementor elementor-168\" data-elementor-settings=\"{&quot;ha_cmc_init_switcher&quot;:&quot;no&quot;}\">\n\t\t\t\t\t\t<section class=\"has_eae_slider elementor-section elementor-top-section elementor-element elementor-element-33f1373 elementor-section-boxed elementor-section-height-default elementor-section-height-default\" data-eae-slider=\"82121\" data-id=\"33f1373\" data-element_type=\"section\" data-settings=\"{&quot;_ha_eqh_enable&quot;:false}\">\n\t\t\t\t\t\t<div class=\"elementor-container elementor-column-gap-default\">\n\t\t\t\t\t<div class=\"has_eae_slider elementor-column elementor-col-100 elementor-top-column elementor-element elementor-element-b54ff7e\" data-eae-slider=\"2541\" data-id=\"b54ff7e\" data-element_type=\"column\">\n\t\t\t<div class=\"elementor-widget-wrap elementor-element-populated\">\n\t\t\t\t\t\t<div class=\"elementor-element elementor-element-586efce elementor-widget elementor-widget-text-editor\" data-id=\"586efce\" data-element_type=\"widget\" data-widget_type=\"text-editor.default\">\n\t\t\t\t<div class=\"elementor-widget-container\">\n\t\t\t\t\t\t\t\t\t<p class=\"p1\"><b>NUTZUNGSBEDINGUNGEN<\/b><\/p><p class=\"p1\"><b>Einverst\u00e4ndniserkl\u00e4rung<\/b><\/p><p class=\"p1\">Mit dem Zugriff auf und dem Browsen durch die Website von AND-Consulting GmbH (die \u201cGesellschaft\u201d) oder mit der Nutzung unserer Website, erkl\u00e4ren Sie sich mit den nachfolgenden Allgemeinen Nutzungsbedingungen einverstanden und nehmen diese an. Eine Nutzung dieser Webseite ist ausschlie\u00dflich aufgrund dieser Nutzungsbedingungen zul\u00e4ssig.<\/p><p class=\"p1\"><b>Inhalte der Webseite<\/b><\/p><p class=\"p1\">Alle Materialien der Webseite wie Texte, Bilder und Beschreibungen und weitere Daten werden unentgeltlich und ausschlie\u00dflich zur Informationszwecken zur Verf\u00fcgung gestellt und k\u00f6nnen daher nicht als verbindliches Angebot unserer beratenden und weitern T\u00e4tigkeiten interpretiert werden. F\u00fcr die Richtigkeit, Vollst\u00e4ndigkeit und Aktualit\u00e4t der Daten kann keine Haftung \u00fcbernommen werden.<\/p><p class=\"p1\"><b>Urheberrecht<\/b><\/p><p class=\"p1\">S\u00e4mtliche Materialien wie Texte, Bilder, Unterlagen, Logos, HTML-Codes und Artikel auf unseren Seiten sind urheberrechtlich gesch\u00fctzt.<\/p><p class=\"p1\">Wenn es nicht explizit angegeben ist verst\u00f6\u00dft jegliche vollst\u00e4ndige oder teilhafte Verwendung, Verarbeitung oder Vervielf\u00e4ltigung dieser Informationen ohne vorheriger ausdr\u00fccklicher schriftlicher Zustimmung von unserer Seite gegen das Urheberrecht.<\/p><p class=\"p1\">F\u00fcr pers\u00f6nliche und nicht gewerbliche Zwecke k\u00f6nnen die Materialien verwendet werden sofern das gegen die rechtlichen Grunds\u00e4tze des Schutzes der Eigentumsrechte nicht verst\u00f6\u00dft.<\/p><p class=\"p1\">Es wird explizit darauf hingewiesen, wenn die Inhalte auf der Webseite nicht von uns erstellt worden sind und gleicherma\u00dfen urheberrechtlich gesch\u00fctzt sind.<\/p><p class=\"p1\"><b>Verwendetes Bildmaterial <\/b><\/p><p class=\"p1\">Bei dem auf unserer Webseite verwendetem Bildmaterial handelt es sich sowohl um geistiges Eigentum von AND Consulting GmbH als auch um das erworbenes Bildmaterial aus den Quellen: www.123rf.com, www.dreamstime.com, www.pixabay.com. Alle Bildmateriale sind urheberrechtlich gesch\u00fctzt und d\u00fcrfen weder kopiert noch anderweitig verwendet werden.<\/p><p class=\"p1\"><b>Links auf die Webseiten Dritter<\/b><\/p><p class=\"p1\">Wir machen die Inhalte der Webseiten Dritter auf die es verwiesen wird nicht zu unserem Eigen und \u00fcbernehmen daher auch keine Haftung f\u00fcr die Inhalte, Richtigkeit, Aktualit\u00e4t und Vollst\u00e4ndigkeit der Informationen. Die Korrektheit und Angemessenheit der Informationen wird lediglich zum Zeitpunkt der Verlinkung \u00fcberpr\u00fcft.<\/p><p class=\"p1\">Bei Bekanntwerden der inkorrekten Informationen werden die Links aktualisiert, bzw. entfernt.<\/p><p class=\"p1\">Links auf Webseiten und Logos Dritter sind aus Informationszwecken aufgef\u00fchrt und bedeuten nicht eine Zustimmung der entsprechenden Gesellschaften.<\/p><p class=\"p1\">Es ist nicht erlaubt ohne vorherigen ausdr\u00fccklichen Zustimmung der AND Consulting GmbH auf unsere Seite zu verlinken.<\/p><p class=\"p1\"><b>\u00c4nderungsbestimmungen<\/b><\/p><p class=\"p1\">AND Consulting GmbH beh\u00e4lt sich das Recht vor, die Nutzungsbedingungen auf deren Grundlagen der Kontent dieser Webseite angeboten wird jederzeit und ohne vorheriger Ank\u00fcndigung\u00a0 gem\u00e4\u00df der Interessen der Gesellschaft zu \u00e4ndern oder anzupassen. Nach dem n\u00e4chsten Aufruf der Webseite gelten die neuen Nutzungsbedingungen automatisch<\/p>\t\t\t\t\t\t\t\t<\/div>\n\t\t\t\t<\/div>\n\t\t\t\t\t<\/div>\n\t\t<\/div>\n\t\t\t\t\t<\/div>\n\t\t<\/section>\n\t\t\t\t<\/div>\n\t\t","protected":false},"excerpt":{"rendered":"<p>NUTZUNGSBEDINGUNGEN Einverst\u00e4ndniserkl\u00e4rung Mit dem Zugriff auf und dem Browsen durch die Website von AND-Consulting GmbH (die \u201cGesellschaft\u201d) oder mit der Nutzung unserer Website, erkl\u00e4ren Sie sich mit den nachfolgenden Allgemeinen Nutzungsbedingungen einverstanden und nehmen diese an. Eine Nutzung dieser Webseite ist ausschlie\u00dflich aufgrund dieser Nutzungsbedingungen zul\u00e4ssig. Inhalte der Webseite Alle Materialien der Webseite wie Texte, &hellip; <\/p>\n<p class=\"link-more\"><a href=\"https:\/\/and-bc.com\/?page_id=168\" class=\"more-link\">Mehr <span class=\"screen-reader-text\">\u00fcber &#8220;Nutzungsbedingungen&#8221; <\/span>Lesen<\/a><\/p>\n","protected":false},"author":1,"featured_media":0,"parent":0,"menu_order":0,"comment_status":"closed","ping_status":"closed","template":"","meta":{"inline_featured_image":false,"footnotes":""},"class_list":["post-168","page","type-page","status-publish","hentry"],"yoast_head":"<!-- This site is optimized with the Yoast SEO plugin v26.6 - https:\/\/yoast.com\/wordpress\/plugins\/seo\/ -->\n<title>Nutzungsbedingungen - Agile requirement engineering, metering &amp; delivery<\/title>\n<meta name=\"robots\" content=\"noindex, follow, max-snippet:-1, max-image-preview:large, max-video-preview:-1\" \/>\n<meta property=\"og:locale\" content=\"de_DE\" \/>\n<meta property=\"og:type\" content=\"article\" \/>\n<meta property=\"og:title\" content=\"Nutzungsbedingungen - Agile requirement engineering, metering &amp; delivery\" \/>\n<meta property=\"og:description\" content=\"NUTZUNGSBEDINGUNGEN Einverst\u00e4ndniserkl\u00e4rung Mit dem Zugriff auf und dem Browsen durch die Website von AND-Consulting GmbH (die \u201cGesellschaft\u201d) oder mit der Nutzung unserer Website, erkl\u00e4ren Sie sich mit den nachfolgenden Allgemeinen Nutzungsbedingungen einverstanden und nehmen diese an. Eine Nutzung dieser Webseite ist ausschlie\u00dflich aufgrund dieser Nutzungsbedingungen zul\u00e4ssig. Inhalte der Webseite Alle Materialien der Webseite wie Texte, &hellip; Mehr \u00fcber &quot;Nutzungsbedingungen&quot; Lesen\" \/>\n<meta property=\"og:url\" content=\"https:\/\/and-bc.com\/?page_id=168\" \/>\n<meta property=\"og:site_name\" content=\"Agile requirement engineering, metering &amp; delivery\" \/>\n<meta property=\"article:modified_time\" content=\"2023-10-18T21:11:26+00:00\" \/>\n<meta name=\"twitter:card\" content=\"summary_large_image\" \/>\n<meta name=\"twitter:label1\" content=\"Gesch\u00e4tzte Lesezeit\" \/>\n\t<meta name=\"twitter:data1\" content=\"3\u00a0Minuten\" \/>\n<script type=\"application\/ld+json\" class=\"yoast-schema-graph\">{\"@context\":\"https:\/\/schema.org\",\"@graph\":[{\"@type\":\"WebPage\",\"@id\":\"https:\/\/and-bc.com\/?page_id=168\",\"url\":\"https:\/\/and-bc.com\/?page_id=168\",\"name\":\"Nutzungsbedingungen - Agile requirement engineering, metering &amp; delivery\",\"isPartOf\":{\"@id\":\"https:\/\/and-bc.com\/#website\"},\"datePublished\":\"2023-10-18T21:10:02+00:00\",\"dateModified\":\"2023-10-18T21:11:26+00:00\",\"breadcrumb\":{\"@id\":\"https:\/\/and-bc.com\/?page_id=168#breadcrumb\"},\"inLanguage\":\"de\",\"potentialAction\":[{\"@type\":\"ReadAction\",\"target\":[\"https:\/\/and-bc.com\/?page_id=168\"]}]},{\"@type\":\"BreadcrumbList\",\"@id\":\"https:\/\/and-bc.com\/?page_id=168#breadcrumb\",\"itemListElement\":[{\"@type\":\"ListItem\",\"position\":1,\"name\":\"Startseite\",\"item\":\"https:\/\/and-bc.com\/\"},{\"@type\":\"ListItem\",\"position\":2,\"name\":\"Nutzungsbedingungen\"}]},{\"@type\":\"WebSite\",\"@id\":\"https:\/\/and-bc.com\/#website\",\"url\":\"https:\/\/and-bc.com\/\",\"name\":\"Agile requirement engineering, metering &amp; delivery\",\"description\":\"making agile delivery measurable &amp; predictable\",\"publisher\":{\"@id\":\"https:\/\/and-bc.com\/#organization\"},\"potentialAction\":[{\"@type\":\"SearchAction\",\"target\":{\"@type\":\"EntryPoint\",\"urlTemplate\":\"https:\/\/and-bc.com\/?s={search_term_string}\"},\"query-input\":{\"@type\":\"PropertyValueSpecification\",\"valueRequired\":true,\"valueName\":\"search_term_string\"}}],\"inLanguage\":\"de\"},{\"@type\":\"Organization\",\"@id\":\"https:\/\/and-bc.com\/#organization\",\"name\":\"Agile requirement engineering, metering &amp; delivery\",\"url\":\"https:\/\/and-bc.com\/\",\"logo\":{\"@type\":\"ImageObject\",\"inLanguage\":\"de\",\"@id\":\"https:\/\/and-bc.com\/#\/schema\/logo\/image\/\",\"url\":\"https:\/\/and-bc.com\/wp-content\/uploads\/2023\/08\/cropped-AND-Logo-Transparent-60.png\",\"contentUrl\":\"https:\/\/and-bc.com\/wp-content\/uploads\/2023\/08\/cropped-AND-Logo-Transparent-60.png\",\"width\":625,\"height\":354,\"caption\":\"Agile requirement engineering, metering &amp; delivery\"},\"image\":{\"@id\":\"https:\/\/and-bc.com\/#\/schema\/logo\/image\/\"}}]}<\/script>\n<!-- \/ Yoast SEO plugin. -->","yoast_head_json":{"title":"Nutzungsbedingungen - Agile requirement engineering, metering &amp; delivery","robots":{"index":"noindex","follow":"follow","max-snippet":"max-snippet:-1","max-image-preview":"max-image-preview:large","max-video-preview":"max-video-preview:-1"},"og_locale":"de_DE","og_type":"article","og_title":"Nutzungsbedingungen - Agile requirement engineering, metering &amp; delivery","og_description":"NUTZUNGSBEDINGUNGEN Einverst\u00e4ndniserkl\u00e4rung Mit dem Zugriff auf und dem Browsen durch die Website von AND-Consulting GmbH (die \u201cGesellschaft\u201d) oder mit der Nutzung unserer Website, erkl\u00e4ren Sie sich mit den nachfolgenden Allgemeinen Nutzungsbedingungen einverstanden und nehmen diese an. Eine Nutzung dieser Webseite ist ausschlie\u00dflich aufgrund dieser Nutzungsbedingungen zul\u00e4ssig. Inhalte der Webseite Alle Materialien der Webseite wie Texte, &hellip; Mehr \u00fcber \"Nutzungsbedingungen\" Lesen","og_url":"https:\/\/and-bc.com\/?page_id=168","og_site_name":"Agile requirement engineering, metering &amp; delivery","article_modified_time":"2023-10-18T21:11:26+00:00","twitter_card":"summary_large_image","twitter_misc":{"Gesch\u00e4tzte Lesezeit":"3\u00a0Minuten"},"schema":{"@context":"https:\/\/schema.org","@graph":[{"@type":"WebPage","@id":"https:\/\/and-bc.com\/?page_id=168","url":"https:\/\/and-bc.com\/?page_id=168","name":"Nutzungsbedingungen - Agile requirement engineering, metering &amp; delivery","isPartOf":{"@id":"https:\/\/and-bc.com\/#website"},"datePublished":"2023-10-18T21:10:02+00:00","dateModified":"2023-10-18T21:11:26+00:00","breadcrumb":{"@id":"https:\/\/and-bc.com\/?page_id=168#breadcrumb"},"inLanguage":"de","potentialAction":[{"@type":"ReadAction","target":["https:\/\/and-bc.com\/?page_id=168"]}]},{"@type":"BreadcrumbList","@id":"https:\/\/and-bc.com\/?page_id=168#breadcrumb","itemListElement":[{"@type":"ListItem","position":1,"name":"Startseite","item":"https:\/\/and-bc.com\/"},{"@type":"ListItem","position":2,"name":"Nutzungsbedingungen"}]},{"@type":"WebSite","@id":"https:\/\/and-bc.com\/#website","url":"https:\/\/and-bc.com\/","name":"Agile requirement engineering, metering &amp; delivery","description":"making agile delivery measurable &amp; predictable","publisher":{"@id":"https:\/\/and-bc.com\/#organization"},"potentialAction":[{"@type":"SearchAction","target":{"@type":"EntryPoint","urlTemplate":"https:\/\/and-bc.com\/?s={search_term_string}"},"query-input":{"@type":"PropertyValueSpecification","valueRequired":true,"valueName":"search_term_string"}}],"inLanguage":"de"},{"@type":"Organization","@id":"https:\/\/and-bc.com\/#organization","name":"Agile requirement engineering, metering &amp; delivery","url":"https:\/\/and-bc.com\/","logo":{"@type":"ImageObject","inLanguage":"de","@id":"https:\/\/and-bc.com\/#\/schema\/logo\/image\/","url":"https:\/\/and-bc.com\/wp-content\/uploads\/2023\/08\/cropped-AND-Logo-Transparent-60.png","contentUrl":"https:\/\/and-bc.com\/wp-content\/uploads\/2023\/08\/cropped-AND-Logo-Transparent-60.png","width":625,"height":354,"caption":"Agile requirement engineering, metering &amp; delivery"},"image":{"@id":"https:\/\/and-bc.com\/#\/schema\/logo\/image\/"}}]}},"_links":{"self":[{"href":"https:\/\/and-bc.com\/index.php?rest_route=\/wp\/v2\/pages\/168","targetHints":{"allow":["GET"]}}],"collection":[{"href":"https:\/\/and-bc.com\/index.php?rest_route=\/wp\/v2\/pages"}],"about":[{"href":"https:\/\/and-bc.com\/index.php?rest_route=\/wp\/v2\/types\/page"}],"author":[{"embeddable":true,"href":"https:\/\/and-bc.com\/index.php?rest_route=\/wp\/v2\/users\/1"}],"replies":[{"embeddable":true,"href":"https:\/\/and-bc.com\/index.php?rest_route=%2Fwp%2Fv2%2Fcomments&post=168"}],"version-history":[{"count":4,"href":"https:\/\/and-bc.com\/index.php?rest_route=\/wp\/v2\/pages\/168\/revisions"}],"predecessor-version":[{"id":172,"href":"https:\/\/and-bc.com\/index.php?rest_route=\/wp\/v2\/pages\/168\/revisions\/172"}],"wp:attachment":[{"href":"https:\/\/and-bc.com\/index.php?rest_route=%2Fwp%2Fv2%2Fmedia&parent=168"}],"curies":[{"name":"wp","href":"https:\/\/api.w.org\/{rel}","templated":true}]}}