{"id":145,"date":"2023-10-18T22:33:57","date_gmt":"2023-10-18T20:33:57","guid":{"rendered":"http:\/\/and-bc.com\/?page_id=145"},"modified":"2023-10-18T23:08:22","modified_gmt":"2023-10-18T21:08:22","slug":"impressum","status":"publish","type":"page","link":"https:\/\/and-bc.com\/?page_id=145","title":{"rendered":"Impressum"},"content":{"rendered":"\t\t<div data-elementor-type=\"wp-page\" data-elementor-id=\"145\" class=\"elementor elementor-145\" data-elementor-settings=\"{&quot;ha_cmc_init_switcher&quot;:&quot;no&quot;}\">\n\t\t\t\t\t\t<section class=\"has_eae_slider elementor-section elementor-top-section elementor-element elementor-element-e95e49d elementor-section-boxed elementor-section-height-default elementor-section-height-default\" data-eae-slider=\"87552\" data-id=\"e95e49d\" data-element_type=\"section\" data-settings=\"{&quot;_ha_eqh_enable&quot;:false}\">\n\t\t\t\t\t\t<div class=\"elementor-container elementor-column-gap-default\">\n\t\t\t\t\t<div class=\"has_eae_slider elementor-column elementor-col-100 elementor-top-column elementor-element elementor-element-37943b4\" data-eae-slider=\"24883\" data-id=\"37943b4\" data-element_type=\"column\">\n\t\t\t<div class=\"elementor-widget-wrap elementor-element-populated\">\n\t\t\t\t\t\t<div class=\"elementor-element elementor-element-237d1c4 elementor-widget elementor-widget-text-editor\" data-id=\"237d1c4\" data-element_type=\"widget\" data-widget_type=\"text-editor.default\">\n\t\t\t\t<div class=\"elementor-widget-container\">\n\t\t\t\t\t\t\t\t\t<p class=\"p1\"><b style=\"color: var( --e-global-color-text ); font-family: var( --e-global-typography-text-font-family ), Sans-serif;\">AND Consulting GmbH<\/b><\/p><p class=\"p1\">Lise-Meitner Strasse 1<br \/>85716 Unterschleissheim \/ M\u00fcnchen<\/p><p class=\"p1\">Tel. +4917664930704<\/p><p class=\"p1\">e-mail: info@and-bc.com<br \/>web: www.and-bc.com<\/p><p class=\"p1\">Rechtsform: Gesellschaft mit beschr\u00e4nkter Haftung<br \/>Firmensitz: Unterschleissheim \/ bei M\u00fcnchen<\/p><p class=\"p1\">Gesch\u00e4ftsf\u00fchrung: Alexey Leshchenko<\/p><p class=\"p1\">Registergericht: Amtsgericht M\u00fcnchen<br \/>Registernummer: HRB 225236<br \/>Umsatzsteueridentifikationsnummer (\u00a727a UmStGesetz) \/ VAT: DE306907246<\/p><p class=\"p1\">Nutzung der im Rahmen der Impressumpflicht ver\u00f6ffentlichen Informationen durch Dritte zu den weiteren Zwecken wie Werbung wird hiermit ausdr\u00fccklich widersprochen<\/p>\t\t\t\t\t\t\t\t<\/div>\n\t\t\t\t<\/div>\n\t\t\t\t\t<\/div>\n\t\t<\/div>\n\t\t\t\t\t<\/div>\n\t\t<\/section>\n\t\t\t\t<\/div>\n\t\t","protected":false},"excerpt":{"rendered":"<p>AND Consulting GmbH Lise-Meitner Strasse 185716 Unterschleissheim \/ M\u00fcnchen Tel. +4917664930704 e-mail: info@and-bc.comweb: www.and-bc.com Rechtsform: Gesellschaft mit beschr\u00e4nkter HaftungFirmensitz: Unterschleissheim \/ bei M\u00fcnchen Gesch\u00e4ftsf\u00fchrung: Alexey Leshchenko Registergericht: Amtsgericht M\u00fcnchenRegisternummer: HRB 225236Umsatzsteueridentifikationsnummer (\u00a727a UmStGesetz) \/ VAT: DE306907246 Nutzung der im Rahmen der Impressumpflicht ver\u00f6ffentlichen Informationen durch Dritte zu den weiteren Zwecken wie Werbung wird hiermit ausdr\u00fccklich &hellip; <\/p>\n<p class=\"link-more\"><a href=\"https:\/\/and-bc.com\/?page_id=145\" class=\"more-link\">Mehr <span class=\"screen-reader-text\">\u00fcber &#8220;Impressum&#8221; <\/span>Lesen<\/a><\/p>\n","protected":false},"author":1,"featured_media":0,"parent":0,"menu_order":0,"comment_status":"closed","ping_status":"closed","template":"","meta":{"inline_featured_image":false,"footnotes":""},"class_list":["post-145","page","type-page","status-publish","hentry"],"yoast_head":"<!-- This site is optimized with the Yoast SEO plugin v26.6 - https:\/\/yoast.com\/wordpress\/plugins\/seo\/ -->\n<title>Impressum - Agile requirement engineering, metering &amp; delivery<\/title>\n<meta name=\"robots\" content=\"noindex, nofollow\" \/>\n<meta property=\"og:locale\" content=\"de_DE\" \/>\n<meta property=\"og:type\" content=\"article\" \/>\n<meta property=\"og:title\" content=\"Impressum - Agile requirement engineering, metering &amp; delivery\" \/>\n<meta property=\"og:description\" content=\"AND Consulting GmbH Lise-Meitner Strasse 185716 Unterschleissheim \/ M\u00fcnchen Tel. +4917664930704 e-mail: info@and-bc.comweb: www.and-bc.com Rechtsform: Gesellschaft mit beschr\u00e4nkter HaftungFirmensitz: Unterschleissheim \/ bei M\u00fcnchen Gesch\u00e4ftsf\u00fchrung: Alexey Leshchenko Registergericht: Amtsgericht M\u00fcnchenRegisternummer: HRB 225236Umsatzsteueridentifikationsnummer (\u00a727a UmStGesetz) \/ VAT: DE306907246 Nutzung der im Rahmen der Impressumpflicht ver\u00f6ffentlichen Informationen durch Dritte zu den weiteren Zwecken wie Werbung wird hiermit ausdr\u00fccklich &hellip; Mehr \u00fcber &quot;Impressum&quot; Lesen\" \/>\n<meta property=\"og:url\" content=\"https:\/\/and-bc.com\/?page_id=145\" \/>\n<meta property=\"og:site_name\" content=\"Agile requirement engineering, metering &amp; delivery\" \/>\n<meta property=\"article:modified_time\" content=\"2023-10-18T21:08:22+00:00\" \/>\n<meta name=\"twitter:card\" content=\"summary_large_image\" \/>\n<meta name=\"twitter:label1\" content=\"Gesch\u00e4tzte Lesezeit\" \/>\n\t<meta name=\"twitter:data1\" content=\"1\u00a0Minute\" \/>\n<script type=\"application\/ld+json\" class=\"yoast-schema-graph\">{\"@context\":\"https:\/\/schema.org\",\"@graph\":[{\"@type\":\"WebPage\",\"@id\":\"https:\/\/and-bc.com\/?page_id=145\",\"url\":\"https:\/\/and-bc.com\/?page_id=145\",\"name\":\"Impressum - Agile requirement engineering, metering &amp; delivery\",\"isPartOf\":{\"@id\":\"https:\/\/and-bc.com\/#website\"},\"datePublished\":\"2023-10-18T20:33:57+00:00\",\"dateModified\":\"2023-10-18T21:08:22+00:00\",\"breadcrumb\":{\"@id\":\"https:\/\/and-bc.com\/?page_id=145#breadcrumb\"},\"inLanguage\":\"de\",\"potentialAction\":[{\"@type\":\"ReadAction\",\"target\":[\"https:\/\/and-bc.com\/?page_id=145\"]}]},{\"@type\":\"BreadcrumbList\",\"@id\":\"https:\/\/and-bc.com\/?page_id=145#breadcrumb\",\"itemListElement\":[{\"@type\":\"ListItem\",\"position\":1,\"name\":\"Startseite\",\"item\":\"https:\/\/and-bc.com\/\"},{\"@type\":\"ListItem\",\"position\":2,\"name\":\"Impressum\"}]},{\"@type\":\"WebSite\",\"@id\":\"https:\/\/and-bc.com\/#website\",\"url\":\"https:\/\/and-bc.com\/\",\"name\":\"Agile requirement engineering, metering &amp; delivery\",\"description\":\"making agile delivery measurable &amp; predictable\",\"publisher\":{\"@id\":\"https:\/\/and-bc.com\/#organization\"},\"potentialAction\":[{\"@type\":\"SearchAction\",\"target\":{\"@type\":\"EntryPoint\",\"urlTemplate\":\"https:\/\/and-bc.com\/?s={search_term_string}\"},\"query-input\":{\"@type\":\"PropertyValueSpecification\",\"valueRequired\":true,\"valueName\":\"search_term_string\"}}],\"inLanguage\":\"de\"},{\"@type\":\"Organization\",\"@id\":\"https:\/\/and-bc.com\/#organization\",\"name\":\"Agile requirement engineering, metering &amp; delivery\",\"url\":\"https:\/\/and-bc.com\/\",\"logo\":{\"@type\":\"ImageObject\",\"inLanguage\":\"de\",\"@id\":\"https:\/\/and-bc.com\/#\/schema\/logo\/image\/\",\"url\":\"https:\/\/and-bc.com\/wp-content\/uploads\/2023\/08\/cropped-AND-Logo-Transparent-60.png\",\"contentUrl\":\"https:\/\/and-bc.com\/wp-content\/uploads\/2023\/08\/cropped-AND-Logo-Transparent-60.png\",\"width\":625,\"height\":354,\"caption\":\"Agile requirement engineering, metering &amp; delivery\"},\"image\":{\"@id\":\"https:\/\/and-bc.com\/#\/schema\/logo\/image\/\"}}]}<\/script>\n<!-- \/ Yoast SEO plugin. -->","yoast_head_json":{"title":"Impressum - Agile requirement engineering, metering &amp; delivery","robots":{"index":"noindex","follow":"nofollow"},"og_locale":"de_DE","og_type":"article","og_title":"Impressum - Agile requirement engineering, metering &amp; delivery","og_description":"AND Consulting GmbH Lise-Meitner Strasse 185716 Unterschleissheim \/ M\u00fcnchen Tel. +4917664930704 e-mail: info@and-bc.comweb: www.and-bc.com Rechtsform: Gesellschaft mit beschr\u00e4nkter HaftungFirmensitz: Unterschleissheim \/ bei M\u00fcnchen Gesch\u00e4ftsf\u00fchrung: Alexey Leshchenko Registergericht: Amtsgericht M\u00fcnchenRegisternummer: HRB 225236Umsatzsteueridentifikationsnummer (\u00a727a UmStGesetz) \/ VAT: DE306907246 Nutzung der im Rahmen der Impressumpflicht ver\u00f6ffentlichen Informationen durch Dritte zu den weiteren Zwecken wie Werbung wird hiermit ausdr\u00fccklich &hellip; Mehr \u00fcber \"Impressum\" Lesen","og_url":"https:\/\/and-bc.com\/?page_id=145","og_site_name":"Agile requirement engineering, metering &amp; delivery","article_modified_time":"2023-10-18T21:08:22+00:00","twitter_card":"summary_large_image","twitter_misc":{"Gesch\u00e4tzte Lesezeit":"1\u00a0Minute"},"schema":{"@context":"https:\/\/schema.org","@graph":[{"@type":"WebPage","@id":"https:\/\/and-bc.com\/?page_id=145","url":"https:\/\/and-bc.com\/?page_id=145","name":"Impressum - Agile requirement engineering, metering &amp; delivery","isPartOf":{"@id":"https:\/\/and-bc.com\/#website"},"datePublished":"2023-10-18T20:33:57+00:00","dateModified":"2023-10-18T21:08:22+00:00","breadcrumb":{"@id":"https:\/\/and-bc.com\/?page_id=145#breadcrumb"},"inLanguage":"de","potentialAction":[{"@type":"ReadAction","target":["https:\/\/and-bc.com\/?page_id=145"]}]},{"@type":"BreadcrumbList","@id":"https:\/\/and-bc.com\/?page_id=145#breadcrumb","itemListElement":[{"@type":"ListItem","position":1,"name":"Startseite","item":"https:\/\/and-bc.com\/"},{"@type":"ListItem","position":2,"name":"Impressum"}]},{"@type":"WebSite","@id":"https:\/\/and-bc.com\/#website","url":"https:\/\/and-bc.com\/","name":"Agile requirement engineering, metering &amp; delivery","description":"making agile delivery measurable &amp; predictable","publisher":{"@id":"https:\/\/and-bc.com\/#organization"},"potentialAction":[{"@type":"SearchAction","target":{"@type":"EntryPoint","urlTemplate":"https:\/\/and-bc.com\/?s={search_term_string}"},"query-input":{"@type":"PropertyValueSpecification","valueRequired":true,"valueName":"search_term_string"}}],"inLanguage":"de"},{"@type":"Organization","@id":"https:\/\/and-bc.com\/#organization","name":"Agile requirement engineering, metering &amp; delivery","url":"https:\/\/and-bc.com\/","logo":{"@type":"ImageObject","inLanguage":"de","@id":"https:\/\/and-bc.com\/#\/schema\/logo\/image\/","url":"https:\/\/and-bc.com\/wp-content\/uploads\/2023\/08\/cropped-AND-Logo-Transparent-60.png","contentUrl":"https:\/\/and-bc.com\/wp-content\/uploads\/2023\/08\/cropped-AND-Logo-Transparent-60.png","width":625,"height":354,"caption":"Agile requirement engineering, metering &amp; delivery"},"image":{"@id":"https:\/\/and-bc.com\/#\/schema\/logo\/image\/"}}]}},"_links":{"self":[{"href":"https:\/\/and-bc.com\/index.php?rest_route=\/wp\/v2\/pages\/145","targetHints":{"allow":["GET"]}}],"collection":[{"href":"https:\/\/and-bc.com\/index.php?rest_route=\/wp\/v2\/pages"}],"about":[{"href":"https:\/\/and-bc.com\/index.php?rest_route=\/wp\/v2\/types\/page"}],"author":[{"embeddable":true,"href":"https:\/\/and-bc.com\/index.php?rest_route=\/wp\/v2\/users\/1"}],"replies":[{"embeddable":true,"href":"https:\/\/and-bc.com\/index.php?rest_route=%2Fwp%2Fv2%2Fcomments&post=145"}],"version-history":[{"count":13,"href":"https:\/\/and-bc.com\/index.php?rest_route=\/wp\/v2\/pages\/145\/revisions"}],"predecessor-version":[{"id":167,"href":"https:\/\/and-bc.com\/index.php?rest_route=\/wp\/v2\/pages\/145\/revisions\/167"}],"wp:attachment":[{"href":"https:\/\/and-bc.com\/index.php?rest_route=%2Fwp%2Fv2%2Fmedia&parent=145"}],"curies":[{"name":"wp","href":"https:\/\/api.w.org\/{rel}","templated":true}]}}